{"id":2817,"date":"2025-11-29T10:55:16","date_gmt":"2025-11-29T07:55:16","guid":{"rendered":"https:\/\/bistroitaliano.gr\/reservations-2026\/"},"modified":"2025-11-29T11:57:03","modified_gmt":"2025-11-29T08:57:03","slug":"reservations-2026","status":"publish","type":"page","link":"https:\/\/bistroitaliano.gr\/it\/reservations-2026\/","title":{"rendered":"reservations"},"content":{"rendered":"<!-- ReDi Restaurant Reservation plugin version 25.0918 -->\r\n<!-- Revision: 20251102 -->\r\n<div id=\"cancel-reservation-div\" style=\"display: none\">\r\n\t<h4>\r\n\t\tCancella prenotazione\t<\/h4><a href=\"#cancel\" class=\"back-to-reservation cancel-reservation\">\r\n\t\tTorna alla pagina di prenotazione\t<\/a>\r\n\t<br \/>\r\n\t<div id=\"cancel-reservation-form\">\r\n\t\t<form method=\"post\" action=\"?jquery_fail=true\" data-trp-original-action=\"?jquery_fail=true\">\r\n\r\n\t\t\t<label for=\"redi-restaurant-cancelID\">\r\n\t\t\t\tNumero di prenotazione:<span\r\n\t\t\t\t\tclass=\"redi_required\">*<\/span>\r\n\t\t\t<\/label>\r\n\t\t\t<input type=\"text\" name=\"cancelID\" id=\"redi-restaurant-cancelID\" class=\"redi-rest-id\" \/>\r\n\r\n\t\t\t<div class=\"redi-restaurant-hideContent\">\r\n\t\t\t\t<label for=\"cancelPhone-intlTel\">\r\n\t\t\t\t\tTelefono:\r\n\t\t\t\t<\/label>\r\n\t\t\t\t<input type=\"text\" value=\"\" name=\"cancelPhone-intlTel\" id=\"cancelPhone-intlTel\" class=\"redi-rest-phone\" \/>\r\n\t\t\t\t<input type=\"hidden\" name=\"redi-restaurant-cancelPhone\" id=\"redi-restaurant-cancelPhone\" \/>\r\n\t\t\t\t<br\/>\r\n\t\t\t<\/div>\r\n\t\t\t<div class=\"redi-restaurant-hideContent\">\r\n\t\t\t\t<label for=\"redi-restaurant-cancelName\">\r\n\t\t\t\t\tNome:\r\n\t\t\t\t<\/label>\r\n\t\t\t\t<input type=\"text\" name=\"cancelName\" id=\"redi-restaurant-cancelName\" class=\"redi-rest-name\" \/>\r\n\t\t\t<\/div>\r\n\r\n\t\t\t<div class=\"redi-restaurant-hideContent\">\r\n\t\t\t\t<label for=\"redi-restaurant-cancelEmail\">\r\n\t\t\t\t\tEmail:\r\n\t\t\t\t<\/label>\r\n\t\t\t\t<input type=\"text\" name=\"cancelEmail\" id=\"redi-restaurant-cancelEmail\" class=\"redi-rest-email\" \/>\r\n\t\t\t<\/div>\r\n\r\n\t\t\t<label for=\"redi-restaurant-cancelReason\">\r\n\t\t\t\tRagione:<span class=\"redi_required\">*<\/span>\r\n\t\t\t\t\t\t\t<\/label>\r\n\t\t\t<textarea maxlength=\"250\" rows=\"5\" name=\"cancelEmail\" id=\"redi-restaurant-cancelReason\" class=\"redi-restaurant-cancelReason\" cols=\"20\"><\/textarea>\r\n\r\n\t\t\t<div>\r\n\t\t\t\t<input class=\"redi-restaurant-button\" type=\"submit\" id=\"redi-restaurant-cancel\" name=\"action\"\r\n\t\t\t\t\tvalue=\"Cancella prenotazione\">\r\n\t\t\t<\/div>\r\n\r\n\t\t\t<img id=\"cancel-load\" style=\"display: none;\"\r\n\t\t\t\tsrc=\"https:\/\/bistroitaliano.gr\/wp-content\/plugins\/redi-restaurant-reservation\/img\/ajax-loader.gif\" alt=\"\" \/>\r\n\t\t<input type=\"hidden\" name=\"trp-form-language\" value=\"it\"\/><\/form>\r\n\t<\/div>\r\n\t<div id=\"cancel-errors\" style=\"display: none;\" class=\"redi-reservation-alert-error redi-reservation-alert\"><\/div>\r\n\t<div id=\"cancel-success\" style=\"display: none;\" class=\"redi-reservation-alert-success redi-reservation-alert\">\r\n\t\t<strong>\r\n\t\t\tLa prenotazione \u00e8 stata cancellata con successo.\t\t<\/strong>\r\n\t<\/div>\r\n<\/div><div id=\"modify-reservation-div\" style=\"display: none\">\r\n    <h4>Modifica prenotazione<\/h4>\r\n    <a href=\"#modify\" class=\"back-to-reservation modify-reservation\">Torna alla pagina di prenotazione<\/a>\r\n\t<div id=\"modify-reservation-form\">\r\n\t\t<form method=\"post\" action=\"?jquery_fail=true\" data-trp-original-action=\"?jquery_fail=true\">\r\n\t\t\t<label for=\"redi-restaurant-modifyID\">Numero di prenotazione:<span class=\"redi_required\"> *<\/span><\/label>\r\n\t\t\t<input type=\"text\" name=\"modifyID\" id=\"redi-restaurant-modifyID\"\/>\r\n\t\t\t<label for=\"modifyPhone-intlTel\">Telefono:<\/label>\r\n\t\t\t<input type=\"text\" value=\"\" name=\"modifyPhone-intlTel\" id=\"modifyPhone-intlTel\">\r\n\t\t\t<input type=\"hidden\" name=\"redi-restaurant-modifyPhone\" id=\"redi-restaurant-modifyPhone\"\/>\r\n\t\t\t<label for=\"redi-restaurant-modifyName\">Nome:<\/label>\r\n\t\t\t<input type=\"text\" name=\"modifyName\" id=\"redi-restaurant-modifyName\"\/>\r\n\t\t\t<label for=\"redi-restaurant-modifyEmail\">Email:<\/label>\r\n\t\t\t<input type=\"text\" name=\"modifyEmail\" id=\"redi-restaurant-modifyEmail\"\/>\r\n            <input class=\"redi-restaurant-button\" type=\"submit\" id=\"redi-restaurant-modify\" name=\"action\" value=\"Trova prenotazione\">\r\n            <img decoding=\"async\" id=\"modify-load\" style=\"display: none;\" src=\"https:\/\/bistroitaliano.gr\/wp-content\/plugins\/redi-restaurant-reservation\/img\/ajax-loader.gif\" alt=\"\"\/>\r\n\t\t<input type=\"hidden\" name=\"trp-form-language\" value=\"it\"\/><\/form>\r\n\t<\/div>\r\n    <div id=\"modify-errors\" style=\"display: none;\" class=\"redi-reservation-alert-error redi-reservation-alert\"><\/div>\r\n<\/div>\r\n\r\n<div id=\"update-reservation-div\" style=\"display: none\">\r\n    <h4>Aggiorna prenotazione<\/h4>\r\n    <a href=\"#modify\" class=\"back-to-reservation modify-reservation\">Torna alla pagina di prenotazione<\/a>\r\n\t<br\/>\r\n\t<div id=\"update-reservation-form\">\r\n\t\t<form method=\"post\" action=\"?jquery_fail=true\" data-trp-original-action=\"?jquery_fail=true\">\t\t\r\n\t\t\t<div class=\"redi-modify-date-time\">\r\n\t\t\t\tData: <div class=\"redi-modify-date\" id=\"updateDateFrom\"><\/div>\r\n\t\t\t<\/div>\r\n\t\t\t<div class=\"redi-modify-date-time\">\r\n\t\t\t\tOrario: <div class=\"redi-modify-time\" id=\"updateTimeFrom\"><\/div>\r\n\t\t\t<\/div>\r\n\r\n\t\t\t\t<label for=\"updatePersons\">\r\n\t\t\t\tNumero di ospiti\t\t\t\t<\/label>\r\n\t\t\t\t<select name=\"updatePersons\" id=\"updatePersons\" class=\"redi-reservation-select\">\r\n\t\t\t\t\t\t\t\t\t\t\t<option value=\"1\" >\r\n\t\t\t\t\t\t\t1\t\t\t\t\t\t<\/option>\r\n\t\t\t\t\t\t\t\t\t\t\t<option value=\"2\" >\r\n\t\t\t\t\t\t\t2\t\t\t\t\t\t<\/option>\r\n\t\t\t\t\t\t\t\t\t\t\t<option value=\"3\" >\r\n\t\t\t\t\t\t\t3\t\t\t\t\t\t<\/option>\r\n\t\t\t\t\t\t\t\t\t\t\t<option value=\"4\" >\r\n\t\t\t\t\t\t\t4\t\t\t\t\t\t<\/option>\r\n\t\t\t\t\t\t\t\t\t<\/select>\r\n\t\t\t\t\t\t<div>\r\n\t\t\t\t<label for=\"updateUserName\">Nome:<span class=\"redi_required\"> *<\/span><\/label>\r\n\t\t\t\t<input type=\"text\" value=\"\" name=\"updateUserName\" id=\"updateUserName\">\r\n\t\t\t<\/div>\r\n\t\t\t<div>\r\n\t\t\t\t<label for=\"updateUserPhone-intlTel\">Telefono:<span class=\"redi_required\"> *<\/span><\/label>\t\t\r\n\t\t\t\t<input type=\"text\" value=\"\" name=\"updateUserPhone-intlTel\" id=\"updateUserPhone-intlTel\">\r\n\t\t\t\t<div>\r\n\t\t\t\t\t<input type=\"hidden\" value=\"\" name=\"updateUserPhone\" id=\"updateUserPhone\">\r\n\t\t\t\t<\/div>\r\n\t\t\t<\/div>\r\n\t\t\t<div>\r\n\t\t\t\t<label for=\"updateUserEmail\">Email:<span class=\"redi_required\"> *<\/span><\/label>\r\n\t\t\t\t<input type=\"text\" value=\"\" name=\"updateUserEmail\" id=\"updateUserEmail\" >\r\n\t\t\t<\/div>\r\n\t\t\t<div>\r\n\t\t\t\t<label for=\"updateUserComments\">Commenti:<\/label>\r\n\t\t\t\t<textarea maxlength=\"250\" rows=\"5\" name=\"updateUserComments\" id=\"updateUserComments\" cols=\"20\" class=\"UserComments\"><\/textarea>\r\n\t\t\t<\/div>\r\n\t\t\t<input type=\"hidden\" value=\"\" name=\"redi-restaurant-updateID\" id=\"redi-restaurant-updateID\">\r\n\t\t\t<input type=\"hidden\" value=\"\" name=\"updateTo\" id=\"updateTo\">\r\n\t\t\t<input type=\"hidden\" value=\"\" name=\"updateFrom\" id=\"updateFrom\">\r\n\t\t\t<input type=\"hidden\" value=\"\" name=\"updatePlaceReferenceId\" id=\"updatePlaceReferenceId\">\t\t\r\n\t\t\t<input class=\"redi-restaurant-button\" type=\"submit\" id=\"redi-restaurant-update\" name=\"action\" value=\"Aggiorna prenotazione\">\r\n\t\t\t<img decoding=\"async\" id=\"update-load\" style=\"display: none;\" src=\"https:\/\/bistroitaliano.gr\/wp-content\/plugins\/redi-restaurant-reservation\/img\/ajax-loader.gif\" alt=\"\"\/>\r\n\t\t<input type=\"hidden\" name=\"trp-form-language\" value=\"it\"\/><\/form>\r\n\t<\/div>\r\n\t<div id=\"update-errors\" style=\"display: none;\" class=\"redi-reservation-alert-error redi-reservation-alert\"><\/div>\r\n    <div id=\"update-success\" style=\"display: none;\" class=\"redi-reservation-alert-success redi-reservation-alert\">\r\n\t\t<strong>\r\n\t\t\tLa prenotazione \u00e8 stata aggiornata con successo.\t\t<\/strong>\r\n\t<\/div>\t\r\n<\/div><script type=\"text\/javascript\">var plugin_name='ReDi Restaurant Reservation version 25.0918';var displayLeftSeats = 1;\r\n\r\nvar redirect_to_confirmation_page = '';var timepicker = 'plugin';var date_format = 'dd\/mm\/yy';var timepicker_time_format ='h:mm tt';var locale = 'it_IT';var datepicker_locale = 'it'; var timeshiftmode = 'byshifts'; var hidesteps = 0; var apikeyid = '0'; var waitlist='disabled'; var min_persons='1'; var max_persons = '4'; var large_group_message = 'Pi\u00f9 di [max] persone'; var totalSelection = 1; var childrenSelection = 0;  <\/script>\r\n\r\n<form id=\"redi-reservation\" name=\"redi-reservation\" method=\"post\" action=\"?jquery_fail=true\" data-trp-original-action=\"?jquery_fail=true\">\r\n\t\t<a href=\"#cancel\" id=\"cancel-reservation\" class=\"cancel-reservation\">Cancella prenotazione<\/a>\r\n\t<br>\r\n\t\t\t\r\n\t\t<div id=\"social\">\r\n\t\t\t<h4>\r\n\t\tAccedi con il tuo account di social media\t\t<\/h4>\r\n\r\n\t\t\t\t\t\t\t\t\t<br\/>\r\n\t\t\t\t\t<\/div>\r\n\t\r\n\r\n\t<div id=\"step1\">\r\n\t\t\r\n\t\t            <div class=\"rowLeft\">\r\n            <h4>\r\n\t\t\t\tPasso 1: Seleziona ospiti, data e ora\r\n\t\t\t<\/h4>\r\n\t<\/div>\r\n\r\n\t\r\n         <input type=\"hidden\" id=\"placeID\" name=\"placeID\" value=\"25543\"\/>\r\n                  \r\n\t\t<label for=\"persons\">\r\n\t\t    Ospiti:<span class=\"redi_required\"> *<\/span>\r\n\t\t<\/label>\r\n\r\n\t\t<select name=\"persons\" id=\"persons\" \r\n\t\t    class=\"redi-reservation-select\">\r\n\t\t    <option value=\"0\" selected=\"selected\">\r\n\t\t        \t\t    <\/option>\r\n\r\n\t\t    \t\t        <option value=\"1\">\r\n\t\t            1\t\t        <\/option>\r\n\t\t    \t\t        <option value=\"2\">\r\n\t\t            2\t\t        <\/option>\r\n\t\t    \t\t        <option value=\"3\">\r\n\t\t            3\t\t        <\/option>\r\n\t\t    \t\t        <option value=\"4\">\r\n\t\t            4\t\t        <\/option>\r\n\t\t    \r\n\t\t    \t\t        <option value=\"group\">\r\n\t\t            Pi\u00f9 di 4 Ospiti\t\t        <\/option>\r\n\t\t    \t\t<\/select>\r\n\r\n\r\n\t\t\r\n\t\t<div id='redi-date-block' style=\"display: none;\">\r\n\t\t<label for=\"redi-restaurant-startDate\">Data:<span class=\"redi_required\"> *<\/span><\/label>\r\n\t\t\t\t\t<div id=\"redi-restaurant-startDate\" class=\"notranslate\" style=\"display: none;\"><\/div>\r\n\t\t\t\t<img decoding=\"async\" id=\"date_info_load\" style=\"display: none;\" src=\"https:\/\/bistroitaliano.gr\/wp-content\/plugins\/redi-restaurant-reservation\/img\/ajax-loader.gif\" alt=\"\"\/>\r\n\t\t<input id=\"redi-restaurant-startDateISO\" type=\"hidden\" value=\"2026-04-16\" name=\"startDateISO\"\/>\r\n\t\t<\/div>\r\n\r\n\t\t\t\t\r\n\t\t\r\n\t\t\t\t\t\t\t  \r\n\t  \t\t<input type=\"hidden\" id=\"duration\" value=\"90\"\/>\r\n \r\n\t\t\r\n\t\t\t<div id=\"step1times\">\r\n\t\t        <span id=\"step1buttons\"><\/span>\r\n\t        <\/div>\r\n\t\t        <div id=\"large_groups_message\" style=\"display: none;\" class=\"redi-reservation-alert-info redi-reservation-alert\">If your group is more than 8 persons, you have to do a second reservation, we will try to connect tables so you can dine all together but is not sure.<\/div>\r\n\r\n\t\t<div>\r\n\t\t\t<img decoding=\"async\" id=\"step1load\" style=\"display: none;\" src=\"https:\/\/bistroitaliano.gr\/wp-content\/plugins\/redi-restaurant-reservation\/img\/ajax-loader.gif\" alt=\"\"\/>\r\n\t\t<\/div>\r\n\r\n\t\t\r\n\t<\/div>\r\n\t\t\r\n\t\t<div id=\"step1busy\" style=\"display: none;\" class=\"redi-reservation-alert-error redi-reservation-alert\">\r\n\t\t\tLa prenotazione non \u00e8 disponibile nel giorno selezionato. Seleziona un altro giorno.<div name=\"message-waitlist-form\">Nel caso in cui desideri essere avvisato quando qualcuno cancella la prenotazione per questo giorno, compila <a class=\"link-waitlist-form\">questo modulo<\/a>.<\/div>\t\t\t\t\t<\/div>\r\n\t\t<div id=\"step1errors\" style=\"display: none;\" class=\"redi-reservation-alert-error redi-reservation-alert\">\r\n\t\t\t\t<\/div>\r\n\r\n\t<div id=\"step2\" >\r\n\r\n\t\t\t\t\r\n\t\t        \r\n        <span id=\"time2label\" style=\"display: none\"><label>Orario:<\/label>\r\n        <\/span>\r\n        \t\t<div id=\"buttons\" class=\"buttons-wrapper\"><\/div>\r\n\t\t<input type=\"hidden\" id=\"redi-restaurant-startTimeHidden\" value=\"\"\/>\r\n\t\t<input type=\"hidden\" id=\"redi-restaurant-duration\" value=\"\"\/>\r\n        <img decoding=\"async\" id=\"step2load\" style=\"display: none;\" src=\"https:\/\/bistroitaliano.gr\/wp-content\/plugins\/redi-restaurant-reservation\/img\/ajax-loader.gif\" alt=\"\"\/>\r\n        <div id=\"step2errors\" style=\"display: none;\" class=\"redi-reservation-alert-error redi-reservation-alert\"><\/div>\r\n\r\n\t\t\t\t<div style=\"clear:both\"><\/div>\r\n\t<\/div>\r\n\r\n\t<div id=\"step3\" style=\"display: none;\">\r\n        <h4>\r\n\t\t\tPasso 2: Dettagli della prenotazione\t\t<\/h4>\r\n        <div id=\"redi-form-fields-container\">\r\n        <div data-display-order=\"-49\" id=\"returned_user\" style=\"display:none\">\r\n            <div>\r\n                <a id=\"notyou\" href=\"\" style=\"float: right;\"> Modifica dettagli<\/a>\r\n            <\/div>\r\n            <div>\r\n                <div>Nome:<\/div><br\/><br\/>\r\n            <\/div>\r\n            <div>\r\n                <div>Telefono:<\/div><br\/><br\/>\r\n            <\/div>\r\n            <div>\r\n                <div>Email:<\/div><br\/><br\/>\r\n            <\/div>\r\n        <\/div>\t\r\n        <div id=\"name_phone_email_form\" >\r\n\r\n\t\t\t<div data-display-order=\"-39\">\r\n\r\n\t\t\t\t\t\t\t\t<label for=\"UserName\">Nome:<span class=\"redi_required\"> *<\/span>\r\n\t\t\t\t<\/label>\r\n\t\t\t\t\t\t\t\t<input type=\"text\" value=\"\" name=\"UserName\" id=\"UserName\" autocomplete=\"name\" >\r\n\t\t\t<\/div>\r\n\t\t\t\t\t\t<div data-display-order=\"-19\">\r\n\t\t\t\t<label for=\"intlTel\">Telefono:<span class=\"redi_required\"> *<\/span><\/label>\r\n\t\t\t\t<input type=\"text\" value=\"\" name=\"intlTel\" id=\"intlTel\">\r\n\t\t\t<\/div>\r\n\t\t\t<div>\t\t\r\n\t\t\t\t<input type=\"hidden\" value=\"\" name=\"UserPhone\" id=\"UserPhone\">\r\n\t\t\t<\/div>\r\n\t\t\t<div data-display-order=\"-9\">\r\n\t\t\t\t<label for=\"UserEmail\">Email:<span class=\"redi_required\"> *<\/span>\r\n\t\t\t\t<\/label>\r\n\t\t\t\t<input type=\"text\" value=\"\" name=\"UserEmail\" id=\"UserEmail\" autocomplete=\"email\" >\r\n\t\t\t<\/div>\r\n\t\t<\/div>\r\n\r\n\t\t<!-- custom fields -->\r\n\t\t<img decoding=\"async\" id=\"RediCustomFields\" style=\"display: none;\" src=\"https:\/\/bistroitaliano.gr\/wp-content\/plugins\/redi-restaurant-reservation\/img\/ajax-loader.gif\" alt=\"\"\/>\r\n\t\t\r\n\t\t<div id=\"custom_fields_container\"><\/div>\r\n\t\t<!-- \/custom fields -->  \r\n\t\t\t \r\n\t\t\t\t<\/div>\r\n\t\t\r\n\r\n\t\t\r\n\t\t<div>\r\n\t\t\t\t\t\t<input class=\"redi-restaurant-button button\" type=\"submit\" id=\"redi-restaurant-step3\" name=\"action\" value=\"Conferma la prenotazione\">\r\n\t\t\t<img decoding=\"async\" id=\"step3load\" style=\"display: none;\" src=\"https:\/\/bistroitaliano.gr\/wp-content\/plugins\/redi-restaurant-reservation\/img\/ajax-loader.gif\" alt=\"\"\/>\r\n\t\t<\/div>\r\n\t\t<div id=\"step3errors\" style=\"display: none;\" class=\"redi-reservation-alert-error redi-reservation-alert\"><\/div>\r\n\t<\/div>\r\n\t<div id=\"step4\" style=\"display: none;\" class=\"redi-reservation-alert-success redi-reservation-alert\">\r\n\t\t<h4><strong>\r\n\t\t\tGrazie per aver confermato la prenotazione\t\t<\/strong>\r\n        <\/h4>\r\n        <div>\r\n\t\t\t\t\tTi \u00e8 stata inviata un'e-mail di conferma, se non la ricevi, ti assicuriamo che la tua prenotazione \u00e8 stata ricevuta ed \u00e8 confermata. Se lo desideri, puoi contattarci telefonicamente per confermare.\t\t        <\/div>\r\n        <br\/>\r\n        Il tuo numero di prenotazione come riferimento: <span id=\"reservation-id\" style=\"font-weight: bold\"><\/span>\r\n    <\/div>\r\n\t\t\t\t\t<div id=\"step2busy\" style=\"display: none;clear:both\" class=\"redi-reservation-alert-error redi-reservation-alert\">\r\n\t\t\t\tWe are fully booked on the the time you required. Please search for an other time.\r\n\t\t\t\t<div name=\"message-waitlist-form\">\r\n\t\t\t\t\tNel caso in cui desideri essere avvisato quando qualcuno cancella la prenotazione per questo giorno, compila <a class=\"link-waitlist-form\">questo modulo<\/a>.\t\t\t\t<\/div>\r\n\t\t\t<\/div>\r\n\r\n\t\t<input type=\"hidden\" name=\"trp-form-language\" value=\"it\"\/><\/form>\r\n    <form class=\"userfeedback\" action=\"#\" style=\"display: none;\" data-trp-original-action=\"#\">\r\n    \t<div id=\"errors\" style=\"display: none;\" class=\"redi-reservation-alert-error redi-reservation-alert\"><\/div>\r\n    \t<div id=\"sucess\" style=\"display: none;\" class=\"redi-reservation-alert-success redi-reservation-alert\"><\/div>\r\n    \t<div class=\"field_row\">\r\n    \t\t<span>Rate your reservation experience<\/span>\r\n    \t\t<div class=\"radio\">\r\n\t\t\t  \t<label>\r\n\t\t\t\t    <input type=\"radio\" name=\"stars\" value=\"1\" \/>\r\n\t\t\t\t    <span class=\"icon\">\u2605<\/span>\r\n\t\t\t  \t<\/label>\r\n\t\t\t  \t<label>\r\n\t\t\t\t    <input type=\"radio\" name=\"stars\" value=\"2\" \/>\r\n\t\t\t\t    <span class=\"icon\">\u2605<\/span>\r\n\t\t\t\t    <span class=\"icon\">\u2605<\/span>\r\n\t\t\t  \t<\/label>\r\n\t\t\t  \t<label>\r\n\t\t\t\t    <input type=\"radio\" name=\"stars\" value=\"3\" \/>\r\n\t\t\t\t    <span class=\"icon\">\u2605<\/span>\r\n\t\t\t\t    <span class=\"icon\">\u2605<\/span>\r\n\t\t\t\t    <span class=\"icon\">\u2605<\/span>   \r\n\t\t\t\t<\/label>\r\n\t\t\t\t<label>\r\n\t\t\t    \t<input type=\"radio\" name=\"stars\" value=\"4\" \/>\r\n\t\t\t\t    <span class=\"icon\">\u2605<\/span>\r\n\t\t\t\t    <span class=\"icon\">\u2605<\/span>\r\n\t\t\t\t    <span class=\"icon\">\u2605<\/span>\r\n\t\t\t\t    <span class=\"icon\">\u2605<\/span>\r\n\t\t\t  \t<\/label>\r\n\t\t\t  \t<label>\r\n\t\t\t\t    <input type=\"radio\" name=\"stars\" value=\"5\" checked>\r\n\t\t\t\t    <span class=\"icon\">\u2605<\/span>\r\n\t\t\t\t    <span class=\"icon\">\u2605<\/span>\r\n\t\t\t\t    <span class=\"icon\">\u2605<\/span>\r\n\t\t\t\t    <span class=\"icon\">\u2605<\/span>\r\n\t\t\t\t    <span class=\"icon\">\u2605<\/span>\r\n\t\t\t  \t<\/label>\r\n\t\t\t<\/div>\r\n\t\t<\/div>\r\n\t  \t<div class=\"field_row\">\r\n\t  \t\t<span>Cosa possiamo fare meglio?<span class=\"req_start\"><\/span><\/span>\r\n\t  \t\t<div>\r\n\t\t\t\t<textarea name=\"comment\"><\/textarea>\r\n\t\t\t<\/div>\r\n\t  \t<\/div>\r\n\t  \t<div class=\"field_row\">\r\n\t  \t\t<input type=\"submit\" name=\"submit\" value=\"Send\">\r\n\t  \t<\/div>\r\n\t<input type=\"hidden\" name=\"trp-form-language\" value=\"it\"\/><\/form>\r\n<div class=\"waitlist-form\" style=\"display: none;\">\r\n\t<h4>Lista d'attesa<\/h4>\r\n\t\t<form name=\"redi-waitlist-form\" id=\"redi-waitlist-form\" action=\"\/it\/POST\/\" data-trp-original-action=\"POST\">\r\n\t\t\t<input type=\"hidden\" id=\"waitlist-placeID\" name=\"placeID\" value=\"25543\"\/>\r\n\t\t \t<div>\r\n\t\t \t\t<label for=\"redi-restaurant-startDate\">Data: <b><span id=\"waitlist-startDate-label\"><\/span><\/b><\/label>\r\n\t\t\t\t<input type=\"hidden\" value=\"16\/04\/2026\" name=\"waitlist-startDate\" id=\"redi-waitlist-startDate\"\/>\r\n\t\t \t<\/div>\r\n\t\t \t<div>\r\n\t\t \t\t<label for=\"waitlist-persons\">\r\n\t\t\t\tNumero persone: <b><span id=\"waitlist-persons-label\"><\/span><\/b><\/label>\r\n\t\t\t\t<input type=\"hidden\" name=\"waitlist-persons\" id=\"waitlist-persons\">\r\n\t\t \t<\/div>\r\n\t\t \t<div>\r\n\t\t \t\t<label for=\"waitlist-Time\">\r\n\t\t\t\tOrario preferito: <b><span id=\"waitlist-startDatetime-label\"><\/span><\/b><\/label>\r\n\t\t\t\t<input type=\"text\" value=\"\" name=\"waitlist-Time\" id=\"waitlist-Time\">\r\n\t\t \t<\/div>\r\n\t\t    <div>\r\n\t\t        <label for=\"waitlist-UserName\">Nome:<span class=\"redi_required\"> *<\/span>\r\n\t\t        <\/label>\r\n\t\t        <input type=\"text\" value=\"\" name=\"waitlist-UserName\" id=\"waitlist-UserName\" autocomplete=\"name\">\r\n\t\t    <\/div>\r\n\t\t    <div>\r\n\t\t        <label for=\"waitlist-UserEmail\">Email:<span class=\"redi_required\"> *<\/span>\r\n\t\t        <\/label>\r\n\t\t        <input type=\"text\" value=\"\" name=\"waitlist-UserEmail\" id=\"waitlist-UserEmail\" autocomplete=\"email\">\r\n\t\t    <\/div>\r\n\t\t    <div>\r\n\t\t        <label for=\"waitlist-intlTel\">Telefono:<span class=\"redi_required\"> *<\/span><\/label>\r\n\t\t\t\t<input type=\"text\" value=\"\" name=\"waitlist-intlTel\" id=\"waitlist-intlTel\">\r\n\t\t\t\t<div>\r\n\t\t\t\t\t<input type=\"hidden\" value=\"\" name=\"waitlist-UserPhone\" id=\"waitlist-UserPhone\">\r\n\t\t\t\t<\/div>\r\n\t\t\t<\/div>\r\n\r\n\t\t\t<!-- custom fields -->\r\n\t\t\t\t\t\t<!-- \/custom fields -->        \r\n\r\n\r\n\t\t\t<div>\r\n\t\t    \t<input class=\"redi-restaurant-button button\" type=\"submit\" id=\"redi-waitlist-submit\" name=\"action\" value=\"Registrati alla lista d'attesa\">\r\n\t\t    <\/div>\t\t\t\r\n\t\t<input type=\"hidden\" name=\"trp-form-language\" value=\"it\"\/><\/form>\r\n\t\t<div>\r\n\t\t\t<img decoding=\"async\" id=\"waitlistload\" style=\"display: none;\" src=\"https:\/\/bistroitaliano.gr\/wp-content\/plugins\/redi-restaurant-reservation\/img\/ajax-loader.gif\" alt=\"\"\/>\r\n\t\t<\/div>\r\n\t\t<div id=\"wait-list-error\" style=\"display: none;\" class=\"redi-reservation-alert-error redi-reservation-alert\">\r\n\t\t<\/div>\r\n\t\t<div id=\"wait-list-success\" style=\"display: none;\" class=\"redi-reservation-alert-success redi-reservation-alert\">\r\n\t\t\tLe tue informazioni sono state salvate con successo e riceverai una notifica non appena ci saranno posti disponibili per la data richiesta.\t\t\t\r\n\t    <\/div>\r\n<\/div>\r\n\r\n\t<div id=\"Thanks\" style=\"\">\r\n\t\t<a style=\"float: right;\" href=\"https:\/\/reservationdiary.eu\" target=\"_blank\">\r\n\t\t\t<label style=\"font-size: 10px;\">\r\n\t\t\tPowered by\t\t\t<\/label>\r\n\t\t\t<img decoding=\"async\" style=\"border:none; margin-left: 3px;\" src=\"https:\/\/bistroitaliano.gr\/wp-content\/plugins\/redi-restaurant-reservation\/img\/logo.png\" alt=\"Powered by ReservationDiary.eu\" title=\"Powered by ReservationDiary.eu\"\/><\/a>\r\n\t<\/div>","protected":false},"excerpt":{"rendered":"","protected":false},"author":1,"featured_media":0,"parent":0,"menu_order":0,"comment_status":"closed","ping_status":"closed","template":"","meta":{"_monsterinsights_skip_tracking":false,"_monsterinsights_sitenote_active":false,"_monsterinsights_sitenote_note":"","_monsterinsights_sitenote_category":0,"footnotes":""},"class_list":["post-2817","page","type-page","status-publish","hentry","entry"],"_links":{"self":[{"href":"https:\/\/bistroitaliano.gr\/it\/wp-json\/wp\/v2\/pages\/2817","targetHints":{"allow":["GET"]}}],"collection":[{"href":"https:\/\/bistroitaliano.gr\/it\/wp-json\/wp\/v2\/pages"}],"about":[{"href":"https:\/\/bistroitaliano.gr\/it\/wp-json\/wp\/v2\/types\/page"}],"author":[{"embeddable":true,"href":"https:\/\/bistroitaliano.gr\/it\/wp-json\/wp\/v2\/users\/1"}],"replies":[{"embeddable":true,"href":"https:\/\/bistroitaliano.gr\/it\/wp-json\/wp\/v2\/comments?post=2817"}],"version-history":[{"count":1,"href":"https:\/\/bistroitaliano.gr\/it\/wp-json\/wp\/v2\/pages\/2817\/revisions"}],"predecessor-version":[{"id":2818,"href":"https:\/\/bistroitaliano.gr\/it\/wp-json\/wp\/v2\/pages\/2817\/revisions\/2818"}],"wp:attachment":[{"href":"https:\/\/bistroitaliano.gr\/it\/wp-json\/wp\/v2\/media?parent=2817"}],"curies":[{"name":"wp","href":"https:\/\/api.w.org\/{rel}","templated":true}]}}